{"id":3661,"date":"2024-12-10T13:31:37","date_gmt":"2024-12-10T13:31:37","guid":{"rendered":"https:\/\/nolansgroup.com\/contact-2\/"},"modified":"2024-12-10T13:31:37","modified_gmt":"2024-12-10T13:31:37","slug":"contact-2","status":"publish","type":"page","link":"https:\/\/nolansgroup.com\/en\/contact-2\/","title":{"rendered":"Contact"},"content":{"rendered":"<section class=\"wpb-content-wrapper\"><section class=\"l-section wpb_row height_custom\"><div class=\"l-section-h i-cf\"><div class=\"g-cols vc_row via_grid cols_1 laptops-cols_inherit tablets-cols_inherit mobiles-cols_1 valign_top type_default stacking_default\"><div class=\"wpb_column vc_column_container\"><div class=\"vc_column-inner\"><div class=\"w-separator size_custom\" style=\"height:200px\"><\/div><div class=\"wpb_text_column encabezado\"><div class=\"wpb_wrapper\"><h1 style=\"text-align: center;\"><strong>CONTACT<\/strong><\/h1>\n<\/div><\/div><\/div><\/div><\/div><\/div><\/section><!-- Row Backgrounds --><div class=\"upb_color\" data-bg-override=\"0\" data-bg-color=\"#151515\" data-fadeout=\"\" data-fadeout-percentage=\"30\" data-parallax-content=\"\" data-parallax-content-sense=\"30\" data-row-effect-mobile-disable=\"true\" data-img-parallax-mobile-disable=\"true\" data-rtl=\"false\"  data-custom-vc-row=\"\"  data-vc=\"6.13.0\"  data-is_old_vc=\"\"  data-theme-support=\"\"   data-overlay=\"false\" data-overlay-color=\"\" data-overlay-pattern=\"\" data-overlay-pattern-opacity=\"\" data-overlay-pattern-size=\"\"    ><\/div><section class=\"l-section wpb_row us_custom_6df4bc3a has_text_color height_custom\"><div class=\"l-section-h i-cf\"><div class=\"g-cols vc_row via_grid cols_1 laptops-cols_inherit tablets-cols_inherit mobiles-cols_1 valign_top type_default stacking_default\"><div class=\"wpb_column vc_column_container\"><div class=\"vc_column-inner\">\n<div class=\"wpcf7 no-js\" id=\"wpcf7-f3336-o1\" lang=\"es-ES\" dir=\"ltr\" data-wpcf7-id=\"3336\">\n<div class=\"screen-reader-response\"><p role=\"status\" aria-live=\"polite\" aria-atomic=\"true\"><\/p> <ul><\/ul><\/div>\n<form action=\"\/en\/wp-json\/wp\/v2\/pages\/3661#wpcf7-f3336-o1\" method=\"post\" class=\"wpcf7-form init\" aria-label=\"Formulario de contacto\" novalidate=\"novalidate\" data-status=\"init\">\n<fieldset class=\"hidden-fields-container\"><input type=\"hidden\" name=\"_wpcf7\" value=\"3336\" \/><input type=\"hidden\" name=\"_wpcf7_version\" value=\"6.1.1\" \/><input type=\"hidden\" name=\"_wpcf7_locale\" value=\"es_ES\" \/><input type=\"hidden\" name=\"_wpcf7_unit_tag\" value=\"wpcf7-f3336-o1\" \/><input type=\"hidden\" name=\"_wpcf7_container_post\" value=\"0\" \/><input type=\"hidden\" name=\"_wpcf7_posted_data_hash\" value=\"\" \/>\n<\/fieldset>\n<p><label for=\"name\">Nombre*<\/label><br \/>\n<span class=\"wpcf7-form-control-wrap\" data-name=\"your-name\"><input size=\"40\" maxlength=\"400\" class=\"wpcf7-form-control wpcf7-text wpcf7-validates-as-required\" id=\"name\" aria-required=\"true\" aria-invalid=\"false\" value=\"\" type=\"text\" name=\"your-name\" \/><\/span>\n<\/p>\n\n<!-- Fila 1: Prefijo + Pa\u00eds en dos columnas -->\n<div class=\"field-row\">\n\t<div class=\"field-column\">\n\t\t<p><label for=\"phone-prefix\">Prefijo Telef\u00f3nico*<\/label><br \/>\n<span class=\"wpcf7-form-control-wrap\" data-name=\"phone-prefix\"><input size=\"40\" maxlength=\"400\" class=\"wpcf7-form-control wpcf7-tel wpcf7-validates-as-required wpcf7-text wpcf7-validates-as-tel\" id=\"phone-prefix\" aria-required=\"true\" aria-invalid=\"false\" value=\"+XX\" type=\"tel\" name=\"phone-prefix\" \/><\/span>\n\t\t<\/p>\n\t<\/div>\n\t<div class=\"field-column larger-select\">\n\t\t<p><label for=\"country\">Pa\u00eds*<\/label><br \/>\n<span class=\"wpcf7-form-control-wrap\" data-name=\"country\"><select class=\"wpcf7-form-control wpcf7-select wpcf7-validates-as-required\" aria-required=\"true\" aria-invalid=\"false\" name=\"country\"><option value=\"\">&#8212;Por favor, elige una opci\u00f3n&#8212;<\/option><option value=\"Afganist\u00e1n\">Afganist\u00e1n<\/option><option value=\"Albania\">Albania<\/option><option value=\"Alemania\">Alemania<\/option><option value=\"Andorra\">Andorra<\/option><option value=\"Angola\">Angola<\/option><option value=\"Antigua y Barbuda\">Antigua y Barbuda<\/option><option value=\"Arabia Saudita\">Arabia Saudita<\/option><option value=\"Argelia\">Argelia<\/option><option value=\"Argentina\">Argentina<\/option><option value=\"Armenia\">Armenia<\/option><option value=\"Australia\">Australia<\/option><option value=\"Austria\">Austria<\/option><option value=\"Azerbaiy\u00e1n\">Azerbaiy\u00e1n<\/option><option value=\"Bahamas\">Bahamas<\/option><option value=\"Banglad\u00e9s\">Banglad\u00e9s<\/option><option value=\"Bar\u00e9in\">Bar\u00e9in<\/option><option value=\"Barbados\">Barbados<\/option><option value=\"B\u00e9lgica\">B\u00e9lgica<\/option><option value=\"Belice\">Belice<\/option><option value=\"Ben\u00edn\">Ben\u00edn<\/option><option value=\"Bielorrusia\">Bielorrusia<\/option><option value=\"Birmania\">Birmania<\/option><option value=\"Bolivia\">Bolivia<\/option><option value=\"Bosnia y Herzegovina\">Bosnia y Herzegovina<\/option><option value=\"Botsuana\">Botsuana<\/option><option value=\"Brasil\">Brasil<\/option><option value=\"Brun\u00e9i\">Brun\u00e9i<\/option><option value=\"Bulgaria\">Bulgaria<\/option><option value=\"Burkina Faso\">Burkina Faso<\/option><option value=\"Burundi\">Burundi<\/option><option value=\"But\u00e1n\">But\u00e1n<\/option><option value=\"Cabo Verde\">Cabo Verde<\/option><option value=\"Camboya\">Camboya<\/option><option value=\"Camer\u00fan\">Camer\u00fan<\/option><option value=\"Canad\u00e1\">Canad\u00e1<\/option><option value=\"Catar\">Catar<\/option><option value=\"Chad\">Chad<\/option><option value=\"Chile\">Chile<\/option><option value=\"China\">China<\/option><option value=\"Chipre\">Chipre<\/option><option value=\"Colombia\">Colombia<\/option><option value=\"Comoras\">Comoras<\/option><option value=\"Corea del Norte\">Corea del Norte<\/option><option value=\"Corea del Sur\">Corea del Sur<\/option><option value=\"Costa de Marfil\">Costa de Marfil<\/option><option value=\"Costa Rica\">Costa Rica<\/option><option value=\"Croacia\">Croacia<\/option><option value=\"Cuba\">Cuba<\/option><option value=\"Dinamarca\">Dinamarca<\/option><option value=\"Dominica\">Dominica<\/option><option value=\"Ecuador\">Ecuador<\/option><option value=\"Egipto\">Egipto<\/option><option value=\"El Salvador\">El Salvador<\/option><option value=\"Emiratos \u00c1rabes Unidos\">Emiratos \u00c1rabes Unidos<\/option><option value=\"Eritrea\">Eritrea<\/option><option value=\"Eslovaquia\">Eslovaquia<\/option><option value=\"Eslovenia\">Eslovenia<\/option><option value=\"Espa\u00f1a\">Espa\u00f1a<\/option><option value=\"Estados Unidos\">Estados Unidos<\/option><option value=\"Estonia\">Estonia<\/option><option value=\"Esuatini\">Esuatini<\/option><option value=\"Etiop\u00eda\">Etiop\u00eda<\/option><option value=\"Fiji\">Fiji<\/option><option value=\"Filipinas\">Filipinas<\/option><option value=\"Finlandia\">Finlandia<\/option><option value=\"Francia\">Francia<\/option><option value=\"Gab\u00f3n\">Gab\u00f3n<\/option><option value=\"Gambia\">Gambia<\/option><option value=\"Georgia\">Georgia<\/option><option value=\"Ghana\">Ghana<\/option><option value=\"Granada\">Granada<\/option><option value=\"Grecia\">Grecia<\/option><option value=\"Guatemala\">Guatemala<\/option><option value=\"Guinea\">Guinea<\/option><option value=\"Guinea-Bis\u00e1u\">Guinea-Bis\u00e1u<\/option><option value=\"Guinea Ecuatorial\">Guinea Ecuatorial<\/option><option value=\"Guyana\">Guyana<\/option><option value=\"Hait\u00ed\">Hait\u00ed<\/option><option value=\"Honduras\">Honduras<\/option><option value=\"Hungr\u00eda\">Hungr\u00eda<\/option><option value=\"India\">India<\/option><option value=\"Indonesia\">Indonesia<\/option><option value=\"Irak\">Irak<\/option><option value=\"Ir\u00e1n\">Ir\u00e1n<\/option><option value=\"Irlanda\">Irlanda<\/option><option value=\"Islandia\">Islandia<\/option><option value=\"Islas Marshall\">Islas Marshall<\/option><option value=\"Islas Salom\u00f3n\">Islas Salom\u00f3n<\/option><option value=\"Israel\">Israel<\/option><option value=\"Italia\">Italia<\/option><option value=\"Jamaica\">Jamaica<\/option><option value=\"Jap\u00f3n\">Jap\u00f3n<\/option><option value=\"Jordania\">Jordania<\/option><option value=\"Kazajist\u00e1n\">Kazajist\u00e1n<\/option><option value=\"Kenia\">Kenia<\/option><option value=\"Kirguist\u00e1n\">Kirguist\u00e1n<\/option><option value=\"Kiribati\">Kiribati<\/option><option value=\"Kosovo\">Kosovo<\/option><option value=\"Kuwait\">Kuwait<\/option><option value=\"Laos\">Laos<\/option><option value=\"Lesoto\">Lesoto<\/option><option value=\"Letonia\">Letonia<\/option><option value=\"L\u00edbano\">L\u00edbano<\/option><option value=\"Liberia\">Liberia<\/option><option value=\"Libia\">Libia<\/option><option value=\"Liechtenstein\">Liechtenstein<\/option><option value=\"Lituania\">Lituania<\/option><option value=\"Luxemburgo\">Luxemburgo<\/option><option value=\"Macedonia del Norte\">Macedonia del Norte<\/option><option value=\"Madagascar\">Madagascar<\/option><option value=\"Malasia\">Malasia<\/option><option value=\"Malaui\">Malaui<\/option><option value=\"Maldivas\">Maldivas<\/option><option value=\"Mal\u00ed\">Mal\u00ed<\/option><option value=\"Malta\">Malta<\/option><option value=\"Marruecos\">Marruecos<\/option><option value=\"Mauricio\">Mauricio<\/option><option value=\"Mauritania\">Mauritania<\/option><option value=\"M\u00e9xico\">M\u00e9xico<\/option><option value=\"Micronesia\">Micronesia<\/option><option value=\"Moldavia\">Moldavia<\/option><option value=\"M\u00f3naco\">M\u00f3naco<\/option><option value=\"Mongolia\">Mongolia<\/option><option value=\"Montenegro\">Montenegro<\/option><option value=\"Mozambique\">Mozambique<\/option><option value=\"Namibia\">Namibia<\/option><option value=\"Nauru\">Nauru<\/option><option value=\"Nepal\">Nepal<\/option><option value=\"Nicaragua\">Nicaragua<\/option><option value=\"N\u00edger\">N\u00edger<\/option><option value=\"Nigeria\">Nigeria<\/option><option value=\"Noruega\">Noruega<\/option><option value=\"Nueva Zelanda\">Nueva Zelanda<\/option><option value=\"Om\u00e1n\">Om\u00e1n<\/option><option value=\"Pa\u00edses Bajos\">Pa\u00edses Bajos<\/option><option value=\"Pakist\u00e1n\">Pakist\u00e1n<\/option><option value=\"Palaos\">Palaos<\/option><option value=\"Palestina\">Palestina<\/option><option value=\"Panam\u00e1\">Panam\u00e1<\/option><option value=\"Pap\u00faa Nueva Guinea\">Pap\u00faa Nueva Guinea<\/option><option value=\"Paraguay\">Paraguay<\/option><option value=\"Per\u00fa\">Per\u00fa<\/option><option value=\"Polonia\">Polonia<\/option><option value=\"Portugal\">Portugal<\/option><option value=\"Reino Unido\">Reino Unido<\/option><option value=\"Rep\u00fablica Centroafricana\">Rep\u00fablica Centroafricana<\/option><option value=\"Rep\u00fablica Checa\">Rep\u00fablica Checa<\/option><option value=\"Rep\u00fablica del Congo\">Rep\u00fablica del Congo<\/option><option value=\"Rep\u00fablica Democr\u00e1tica del Congo\">Rep\u00fablica Democr\u00e1tica del Congo<\/option><option value=\"Rep\u00fablica Dominicana\">Rep\u00fablica Dominicana<\/option><option value=\"Ruanda\">Ruanda<\/option><option value=\"Ruman\u00eda\">Ruman\u00eda<\/option><option value=\"Rusia\">Rusia<\/option><option value=\"Samoa\">Samoa<\/option><option value=\"San Crist\u00f3bal y Nieves\">San Crist\u00f3bal y Nieves<\/option><option value=\"San Marino\">San Marino<\/option><option value=\"San Vicente y las Granadinas\">San Vicente y las Granadinas<\/option><option value=\"Santa Luc\u00eda\">Santa Luc\u00eda<\/option><option value=\"Santo Tom\u00e9 y Pr\u00edncipe\">Santo Tom\u00e9 y Pr\u00edncipe<\/option><option value=\"Senegal\">Senegal<\/option><option value=\"Serbia\">Serbia<\/option><option value=\"Seychelles\">Seychelles<\/option><option value=\"Sierra Leona\">Sierra Leona<\/option><option value=\"Singapur\">Singapur<\/option><option value=\"Siria\">Siria<\/option><option value=\"Somalia\">Somalia<\/option><option value=\"Sri Lanka\">Sri Lanka<\/option><option value=\"Sud\u00e1frica\">Sud\u00e1frica<\/option><option value=\"Sud\u00e1n\">Sud\u00e1n<\/option><option value=\"Sud\u00e1n del Sur\">Sud\u00e1n del Sur<\/option><option value=\"Suecia\">Suecia<\/option><option value=\"Suiza\">Suiza<\/option><option value=\"Surinam\">Surinam<\/option><option value=\"Tailandia\">Tailandia<\/option><option value=\"Tanzania\">Tanzania<\/option><option value=\"Tayikist\u00e1n\">Tayikist\u00e1n<\/option><option value=\"Timor Oriental\">Timor Oriental<\/option><option value=\"Togo\">Togo<\/option><option value=\"Tonga\">Tonga<\/option><option value=\"Trinidad y Tobago\">Trinidad y Tobago<\/option><option value=\"T\u00fanez\">T\u00fanez<\/option><option value=\"Turkmenist\u00e1n\">Turkmenist\u00e1n<\/option><option value=\"Turqu\u00eda\">Turqu\u00eda<\/option><option value=\"Tuvalu\">Tuvalu<\/option><option value=\"Ucrania\">Ucrania<\/option><option value=\"Uganda\">Uganda<\/option><option value=\"Uruguay\">Uruguay<\/option><option value=\"Uzbekist\u00e1n\">Uzbekist\u00e1n<\/option><option value=\"Vanuatu\">Vanuatu<\/option><option value=\"Vaticano\">Vaticano<\/option><option value=\"Venezuela\">Venezuela<\/option><option value=\"Vietnam\">Vietnam<\/option><option value=\"Yemen\">Yemen<\/option><option value=\"Yibuti\">Yibuti<\/option><option value=\"Zambia\">Zambia<\/option><option value=\"Zimbabue\">Zimbabue<\/option><\/select><\/span>\n\t\t<\/p>\n\t<\/div>\n<\/div>\n\n<!-- Fila 2: Tel\u00e9fono + Correo Electr\u00f3nico en dos columnas -->\n<div class=\"field-row\">\n\t<div class=\"field-column\">\n\t\t<p><label for=\"phone\">Tel\u00e9fono*<\/label><br \/>\n<span class=\"wpcf7-form-control-wrap\" data-name=\"phone\"><input size=\"40\" maxlength=\"400\" class=\"wpcf7-form-control wpcf7-tel wpcf7-validates-as-required wpcf7-text wpcf7-validates-as-tel\" id=\"phone\" aria-required=\"true\" aria-invalid=\"false\" value=\"\" type=\"tel\" name=\"phone\" \/><\/span>\n\t\t<\/p>\n\t<\/div>\n\t<div class=\"field-column\">\n\t\t<p><label for=\"email\">Correo Electr\u00f3nico*<\/label><br \/>\n<span class=\"wpcf7-form-control-wrap\" data-name=\"your-email\"><input size=\"40\" maxlength=\"400\" class=\"wpcf7-form-control wpcf7-email wpcf7-validates-as-required wpcf7-text wpcf7-validates-as-email\" id=\"email\" aria-required=\"true\" aria-invalid=\"false\" value=\"\" type=\"email\" name=\"your-email\" \/><\/span>\n\t\t<\/p>\n\t<\/div>\n<\/div>\n\n<!-- Campo de notas -->\n<p><label for=\"notes\">Notas y Observaciones<\/label><br \/>\n<span class=\"wpcf7-form-control-wrap\" data-name=\"your-notes\"><textarea cols=\"40\" rows=\"10\" maxlength=\"2000\" class=\"wpcf7-form-control wpcf7-textarea\" id=\"notes\" aria-invalid=\"false\" name=\"your-notes\"><\/textarea><\/span>\n<\/p>\n\n<!-- Checkbox para la pol\u00edtica de privacidad -->\n<p><span class=\"wpcf7-form-control-wrap\" data-name=\"privacy-policy\"><span class=\"wpcf7-form-control wpcf7-checkbox wpcf7-validates-as-required\"><\/span><\/span> Acepto la <a href=\"URL_POLITICA_DE_PRIVACIDAD\" target=\"_blank\">pol\u00edtica de privacidad<\/a>\n<\/p>\n\n<!-- Bot\u00f3n de env\u00edo -->\n<p><input class=\"wpcf7-form-control wpcf7-submit has-spinner\" type=\"submit\" value=\"Cont\u00e1ctanos\" \/>\n<\/p><div class=\"wpcf7-response-output\" aria-hidden=\"true\"><\/div>\n<\/form>\n<\/div>\n<\/div><\/div><\/div><\/div><\/section><!-- Row Backgrounds --><div class=\"upb_color\" data-bg-override=\"0\" data-bg-color=\"#151515\" data-fadeout=\"\" data-fadeout-percentage=\"30\" data-parallax-content=\"\" data-parallax-content-sense=\"30\" data-row-effect-mobile-disable=\"true\" data-img-parallax-mobile-disable=\"true\" data-rtl=\"false\"  data-custom-vc-row=\"\"  data-vc=\"6.13.0\"  data-is_old_vc=\"\"  data-theme-support=\"\"   data-overlay=\"false\" data-overlay-color=\"\" data-overlay-pattern=\"\" data-overlay-pattern-opacity=\"\" data-overlay-pattern-size=\"\"    ><\/div>\n<\/section>","protected":false},"excerpt":{"rendered":"CONTACT Nombre* Prefijo Telef\u00f3nico* Pa\u00eds* &#8212;Por favor, elige una opci\u00f3n&#8212;Afganist\u00e1nAlbaniaAlemaniaAndorraAngolaAntigua y BarbudaArabia SauditaArgeliaArgentinaArmeniaAustraliaAustriaAzerbaiy\u00e1nBahamasBanglad\u00e9sBar\u00e9inBarbadosB\u00e9lgicaBeliceBen\u00ednBielorrusiaBirmaniaBoliviaBosnia y HerzegovinaBotsuanaBrasilBrun\u00e9iBulgariaBurkina FasoBurundiBut\u00e1nCabo VerdeCamboyaCamer\u00fanCanad\u00e1CatarChadChileChinaChipreColombiaComorasCorea del NorteCorea del SurCosta de MarfilCosta RicaCroaciaCubaDinamarcaDominicaEcuadorEgiptoEl SalvadorEmiratos \u00c1rabes UnidosEritreaEslovaquiaEsloveniaEspa\u00f1aEstados UnidosEstoniaEsuatiniEtiop\u00edaFijiFilipinasFinlandiaFranciaGab\u00f3nGambiaGeorgiaGhanaGranadaGreciaGuatemalaGuineaGuinea-Bis\u00e1uGuinea EcuatorialGuyanaHait\u00edHondurasHungr\u00edaIndiaIndonesiaIrakIr\u00e1nIrlandaIslandiaIslas MarshallIslas Salom\u00f3nIsraelItaliaJamaicaJap\u00f3nJordaniaKazajist\u00e1nKeniaKirguist\u00e1nKiribatiKosovoKuwaitLaosLesotoLetoniaL\u00edbanoLiberiaLibiaLiechtensteinLituaniaLuxemburgoMacedonia del NorteMadagascarMalasiaMalauiMaldivasMal\u00edMaltaMarruecosMauricioMauritaniaM\u00e9xicoMicronesiaMoldaviaM\u00f3nacoMongoliaMontenegroMozambiqueNamibiaNauruNepalNicaraguaN\u00edgerNigeriaNoruegaNueva ZelandaOm\u00e1nPa\u00edses BajosPakist\u00e1nPalaosPalestinaPanam\u00e1Pap\u00faa Nueva GuineaParaguayPer\u00faPoloniaPortugalReino UnidoRep\u00fablica CentroafricanaRep\u00fablica ChecaRep\u00fablica del CongoRep\u00fablica Democr\u00e1tica del CongoRep\u00fablica DominicanaRuandaRuman\u00edaRusiaSamoaSan Crist\u00f3bal y NievesSan MarinoSan Vicente y las GranadinasSanta Luc\u00edaSanto...","protected":false},"author":2,"featured_media":0,"parent":0,"menu_order":0,"comment_status":"closed","ping_status":"closed","template":"","meta":{"_joinchat":[],"footnotes":""},"class_list":["post-3661","page","type-page","status-publish","hentry"],"yoast_head":"<!-- This site is optimized with the Yoast SEO Premium plugin v22.4 (Yoast SEO v23.2) - https:\/\/yoast.com\/wordpress\/plugins\/seo\/ -->\n<title>Contact - Nolan Group<\/title>\n<meta name=\"robots\" content=\"index, follow, max-snippet:-1, max-image-preview:large, max-video-preview:-1\" \/>\n<link rel=\"canonical\" href=\"https:\/\/nolansgroup.com\/contact-2\/\" \/>\n<meta property=\"og:locale\" content=\"en_US\" \/>\n<meta property=\"og:type\" content=\"article\" \/>\n<meta property=\"og:title\" content=\"Contact\" \/>\n<meta property=\"og:url\" content=\"https:\/\/nolansgroup.com\/contact-2\/\" \/>\n<meta property=\"og:site_name\" content=\"Nolan Group\" \/>\n<meta name=\"twitter:card\" content=\"summary_large_image\" \/>\n<script type=\"application\/ld+json\" class=\"yoast-schema-graph\">{\"@context\":\"https:\/\/schema.org\",\"@graph\":[{\"@type\":\"WebPage\",\"@id\":\"https:\/\/nolansgroup.com\/contact-2\/\",\"url\":\"https:\/\/nolansgroup.com\/contact-2\/\",\"name\":\"Contact - Nolan Group\",\"isPartOf\":{\"@id\":\"https:\/\/nolansgroup.com\/#website\"},\"datePublished\":\"2024-12-10T13:31:37+00:00\",\"dateModified\":\"2024-12-10T13:31:37+00:00\",\"breadcrumb\":{\"@id\":\"https:\/\/nolansgroup.com\/contact-2\/#breadcrumb\"},\"inLanguage\":\"en-US\",\"potentialAction\":[{\"@type\":\"ReadAction\",\"target\":[\"https:\/\/nolansgroup.com\/contact-2\/\"]}]},{\"@type\":\"BreadcrumbList\",\"@id\":\"https:\/\/nolansgroup.com\/contact-2\/#breadcrumb\",\"itemListElement\":[{\"@type\":\"ListItem\",\"position\":1,\"name\":\"Portada\",\"item\":\"https:\/\/nolansgroup.com\/en\/nolan-group-2-draft\/\"},{\"@type\":\"ListItem\",\"position\":2,\"name\":\"Contact\"}]},{\"@type\":\"WebSite\",\"@id\":\"https:\/\/nolansgroup.com\/#website\",\"url\":\"https:\/\/nolansgroup.com\/\",\"name\":\"Nolan Group\",\"description\":\"Alquiler Vacacional Villas de Lujo en Tenerife\",\"publisher\":{\"@id\":\"https:\/\/nolansgroup.com\/#organization\"},\"potentialAction\":[{\"@type\":\"SearchAction\",\"target\":{\"@type\":\"EntryPoint\",\"urlTemplate\":\"https:\/\/nolansgroup.com\/?s={search_term_string}\"},\"query-input\":\"required name=search_term_string\"}],\"inLanguage\":\"en-US\"},{\"@type\":[\"Organization\",\"Place\",\"RealEstateAgent\"],\"@id\":\"https:\/\/nolansgroup.com\/#organization\",\"name\":\"Nolan Group\",\"url\":\"https:\/\/nolansgroup.com\/\",\"logo\":{\"@id\":\"https:\/\/nolansgroup.com\/contact-2\/#local-main-organization-logo\"},\"image\":{\"@id\":\"https:\/\/nolansgroup.com\/contact-2\/#local-main-organization-logo\"},\"address\":{\"@id\":\"https:\/\/nolansgroup.com\/contact-2\/#local-main-place-address\"},\"geo\":{\"@type\":\"GeoCoordinates\",\"latitude\":\"28.0922781\",\"longitude\":\"-16.7344092\"},\"telephone\":[\"+34 744 66 81 19\"],\"contactPoint\":{\"@type\":\"ContactPoint\",\"telephone\":\"+34 744 66 81 19\",\"email\":\"reservas@nolan-group.es\"},\"openingHoursSpecification\":[{\"@type\":\"OpeningHoursSpecification\",\"dayOfWeek\":[\"Monday\",\"Tuesday\",\"Wednesday\",\"Thursday\",\"Friday\",\"Saturday\",\"Sunday\"],\"opens\":\"09:00\",\"closes\":\"17:00\"}],\"email\":\"reservas@nolan-group.es\",\"areaServed\":\"Tenerife\"},{\"@type\":\"PostalAddress\",\"@id\":\"https:\/\/nolansgroup.com\/contact-2\/#local-main-place-address\",\"streetAddress\":\"Avda. Mosc\u00fa 29, CC Aquamall, Local 5B, Costa Adeje, 38660, Tenerife\",\"addressLocality\":\"Tenerife\",\"postalCode\":\"38660\",\"addressCountry\":\"ES\"},{\"@type\":\"ImageObject\",\"inLanguage\":\"en-US\",\"@id\":\"https:\/\/nolansgroup.com\/contact-2\/#local-main-organization-logo\",\"url\":\"https:\/\/nolansgroup.com\/wp-content\/uploads\/2023\/09\/logo_nolan.png\",\"contentUrl\":\"https:\/\/nolansgroup.com\/wp-content\/uploads\/2023\/09\/logo_nolan.png\",\"width\":500,\"height\":772,\"caption\":\"Nolan Group\"}]}<\/script>\n<meta name=\"geo.placename\" content=\"Tenerife\" \/>\n<meta name=\"geo.position\" content=\"28.0922781;-16.7344092\" \/>\n<meta name=\"geo.region\" content=\"Spain\" \/>\n<!-- \/ Yoast SEO Premium plugin. -->","yoast_head_json":{"title":"Contact - Nolan Group","robots":{"index":"index","follow":"follow","max-snippet":"max-snippet:-1","max-image-preview":"max-image-preview:large","max-video-preview":"max-video-preview:-1"},"canonical":"https:\/\/nolansgroup.com\/contact-2\/","og_locale":"en_US","og_type":"article","og_title":"Contact","og_url":"https:\/\/nolansgroup.com\/contact-2\/","og_site_name":"Nolan Group","twitter_card":"summary_large_image","schema":{"@context":"https:\/\/schema.org","@graph":[{"@type":"WebPage","@id":"https:\/\/nolansgroup.com\/contact-2\/","url":"https:\/\/nolansgroup.com\/contact-2\/","name":"Contact - Nolan Group","isPartOf":{"@id":"https:\/\/nolansgroup.com\/#website"},"datePublished":"2024-12-10T13:31:37+00:00","dateModified":"2024-12-10T13:31:37+00:00","breadcrumb":{"@id":"https:\/\/nolansgroup.com\/contact-2\/#breadcrumb"},"inLanguage":"en-US","potentialAction":[{"@type":"ReadAction","target":["https:\/\/nolansgroup.com\/contact-2\/"]}]},{"@type":"BreadcrumbList","@id":"https:\/\/nolansgroup.com\/contact-2\/#breadcrumb","itemListElement":[{"@type":"ListItem","position":1,"name":"Portada","item":"https:\/\/nolansgroup.com\/en\/nolan-group-2-draft\/"},{"@type":"ListItem","position":2,"name":"Contact"}]},{"@type":"WebSite","@id":"https:\/\/nolansgroup.com\/#website","url":"https:\/\/nolansgroup.com\/","name":"Nolan Group","description":"Alquiler Vacacional Villas de Lujo en Tenerife","publisher":{"@id":"https:\/\/nolansgroup.com\/#organization"},"potentialAction":[{"@type":"SearchAction","target":{"@type":"EntryPoint","urlTemplate":"https:\/\/nolansgroup.com\/?s={search_term_string}"},"query-input":"required name=search_term_string"}],"inLanguage":"en-US"},{"@type":["Organization","Place","RealEstateAgent"],"@id":"https:\/\/nolansgroup.com\/#organization","name":"Nolan Group","url":"https:\/\/nolansgroup.com\/","logo":{"@id":"https:\/\/nolansgroup.com\/contact-2\/#local-main-organization-logo"},"image":{"@id":"https:\/\/nolansgroup.com\/contact-2\/#local-main-organization-logo"},"address":{"@id":"https:\/\/nolansgroup.com\/contact-2\/#local-main-place-address"},"geo":{"@type":"GeoCoordinates","latitude":"28.0922781","longitude":"-16.7344092"},"telephone":["+34 744 66 81 19"],"contactPoint":{"@type":"ContactPoint","telephone":"+34 744 66 81 19","email":"reservas@nolan-group.es"},"openingHoursSpecification":[{"@type":"OpeningHoursSpecification","dayOfWeek":["Monday","Tuesday","Wednesday","Thursday","Friday","Saturday","Sunday"],"opens":"09:00","closes":"17:00"}],"email":"reservas@nolan-group.es","areaServed":"Tenerife"},{"@type":"PostalAddress","@id":"https:\/\/nolansgroup.com\/contact-2\/#local-main-place-address","streetAddress":"Avda. Mosc\u00fa 29, CC Aquamall, Local 5B, Costa Adeje, 38660, Tenerife","addressLocality":"Tenerife","postalCode":"38660","addressCountry":"ES"},{"@type":"ImageObject","inLanguage":"en-US","@id":"https:\/\/nolansgroup.com\/contact-2\/#local-main-organization-logo","url":"https:\/\/nolansgroup.com\/wp-content\/uploads\/2023\/09\/logo_nolan.png","contentUrl":"https:\/\/nolansgroup.com\/wp-content\/uploads\/2023\/09\/logo_nolan.png","width":500,"height":772,"caption":"Nolan Group"}]},"geo.placename":"Tenerife","geo.position":{"lat":"28.0922781","long":"-16.7344092"},"geo.region":"Spain"},"_links":{"self":[{"href":"https:\/\/nolansgroup.com\/en\/wp-json\/wp\/v2\/pages\/3661","targetHints":{"allow":["GET"]}}],"collection":[{"href":"https:\/\/nolansgroup.com\/en\/wp-json\/wp\/v2\/pages"}],"about":[{"href":"https:\/\/nolansgroup.com\/en\/wp-json\/wp\/v2\/types\/page"}],"author":[{"embeddable":true,"href":"https:\/\/nolansgroup.com\/en\/wp-json\/wp\/v2\/users\/2"}],"replies":[{"embeddable":true,"href":"https:\/\/nolansgroup.com\/en\/wp-json\/wp\/v2\/comments?post=3661"}],"version-history":[{"count":0,"href":"https:\/\/nolansgroup.com\/en\/wp-json\/wp\/v2\/pages\/3661\/revisions"}],"wp:attachment":[{"href":"https:\/\/nolansgroup.com\/en\/wp-json\/wp\/v2\/media?parent=3661"}],"curies":[{"name":"wp","href":"https:\/\/api.w.org\/{rel}","templated":true}]}}