{"id":3659,"date":"2024-12-10T13:09:41","date_gmt":"2024-12-10T13:09:41","guid":{"rendered":"https:\/\/nolansgroup.com\/draft-legal-notice\/"},"modified":"2024-12-10T13:09:41","modified_gmt":"2024-12-10T13:09:41","slug":"draft-legal-notice","status":"publish","type":"page","link":"https:\/\/nolansgroup.com\/en\/draft-legal-notice\/","title":{"rendered":"Draft Legal Notice"},"content":{"rendered":"<section class=\"wpb-content-wrapper\"><section class=\"l-section wpb_row us_custom_ed2e5c54 height_small color_primary\"><div class=\"l-section-h i-cf\"><div class=\"g-cols vc_row via_grid cols_1 laptops-cols_inherit tablets-cols_inherit mobiles-cols_1 valign_top type_default stacking_default\"><div class=\"wpb_column vc_column_container\"><div class=\"vc_column-inner\"><div class=\"w-separator size_custom\" style=\"height:200px\"><\/div><h1 class=\"w-text us_custom_1b891de1 encabezado us_animate_this\"><span class=\"w-text-h\"><span class=\"w-text-value\">Legal Notice<\/span><\/span><\/h1><\/div><\/div><\/div><\/div><\/section><section class=\"l-section wpb_row height_custom\"><div class=\"l-section-h i-cf\"><div class=\"g-cols vc_row via_grid cols_1 laptops-cols_inherit tablets-cols_inherit mobiles-cols_1 valign_top type_default stacking_default\"><div class=\"wpb_column vc_column_container\"><div class=\"vc_column-inner\"><div class=\"wpb_text_column\"><div class=\"wpb_wrapper\"><h2><span style=\"color: #ffffff;\">Purpose and acceptance<\/span><\/h2>\n<p><span style=\"color: #ffffff;\">This legal notice regulates the use of the website: www.nolansgroup.com<\/span><\/p>\n<p><span style=\"color: #ffffff;\">The website www.nolansgroup.com provides services whose primary purpose is to allow contact between users and the entity, either to contact us or request more information.<\/span><\/p>\n<p><span style=\"color: #ffffff;\">Browsing the page www.nolansgroup.com attributes the condition of user of the same and implies full and unreserved acceptance of each and every one of the provisions included in this Legal Notice, which may undergo modifications.<\/span><\/p>\n<p><span style=\"color: #ffffff;\">The user agrees to make proper use of the Web site in accordance with the laws, good faith, public order, traffic uses and this Legal Notice. The user will be liable to NOLAN GROUP PROPERTY SERVICES, S.L. and third parties for any damages that may be caused as a result of a breach of this obligation. <\/span><\/p>\n<h2><span style=\"color: #ffffff;\">Ownership of the web site and identification of the Information Society Service Provider.<\/span><\/h2>\n<p><span style=\"color: #ffffff;\">In order to comply with the principle of general information required by Article 10 of Law 34\/2002, of July 11, 2002, on information society services and electronic commerce, we inform our users that this website belongs to NOLAN GROUP PROPERTY SERVICES, S.L. with CIF B16893075, registered in the Mercantile Registry of _______ on page ___________, Folio _____ of volume ________ of Section _____.<\/span><\/p>\n<p>&nbsp;<\/p>\n<table width=\"531\">\n<tbody>\n<tr>\n<td colspan=\"3\" width=\"183\"><span style=\"color: #ffffff;\">Address:<\/span><\/td>\n<td width=\"16\"><\/td>\n<td colspan=\"3\" width=\"332\"><span style=\"color: #ffffff;\">Calle Jardin Botanico, 43, 38670 &#8211; Adeje (santa Cruz de Tenerife)<\/span><\/td>\n<\/tr>\n<tr>\n<td width=\"25\"><\/td>\n<td width=\"16\"><\/td>\n<td width=\"143\"><\/td>\n<td width=\"16\"><\/td>\n<td width=\"196\"><\/td>\n<td width=\"16\"><\/td>\n<td width=\"119\"><\/td>\n<\/tr>\n<tr>\n<td colspan=\"3\" width=\"183\"><span style=\"color: #ffffff;\">E-mail:<\/span><\/td>\n<td width=\"16\"><\/td>\n<td colspan=\"3\" width=\"332\"><span style=\"color: #ffffff;\">michael@nolan-group.es<\/span><\/td>\n<\/tr>\n<tr>\n<td width=\"25\"><\/td>\n<td width=\"16\"><\/td>\n<td width=\"143\"><\/td>\n<td width=\"16\"><\/td>\n<td width=\"196\"><\/td>\n<td width=\"16\"><\/td>\n<td width=\"119\"><\/td>\n<\/tr>\n<tr>\n<td colspan=\"3\" width=\"183\"><span style=\"color: #ffffff;\">Phone:<\/span><\/td>\n<td width=\"16\"><\/td>\n<td colspan=\"3\" width=\"332\"><span style=\"color: #ffffff;\">676317778<\/span><\/td>\n<\/tr>\n<tr>\n<td width=\"25\"><\/td>\n<td width=\"16\"><\/td>\n<td width=\"143\"><\/td>\n<td width=\"16\"><\/td>\n<td width=\"196\"><\/td>\n<td width=\"16\"><\/td>\n<td width=\"119\"><\/td>\n<\/tr>\n<tr>\n<td colspan=\"3\" width=\"183\"><span style=\"color: #ffffff;\">Web hosted by:<\/span><\/td>\n<td width=\"16\"><\/td>\n<td colspan=\"3\" width=\"332\"><\/td>\n<\/tr>\n<\/tbody>\n<\/table>\n<p>&nbsp;<\/p>\n<h2><span style=\"color: #ffffff;\">3. General conditions of access and use<\/span><\/h2>\n<p><span style=\"color: #ffffff;\">The Web site and its services are free and open access, although the use of certain areas or services is conditional upon the completion of data collection forms. Only persons over 18 years of age may provide data through our website, and children under 14 years of age may not provide data without the consent of parents or guardians. <\/span><\/p>\n<p><span style=\"color: #ffffff;\">The User guarantees the authenticity and timeliness of all data provided to NOLAN GROUP PROPERTY SERVICES, S.L. and will be solely responsible for any false or inaccurate statements made.<\/span><\/p>\n<p><span style=\"color: #ffffff;\">www.nolansgroup.com has the following types of users:<\/span><\/p>\n<ul>\n<li><span style=\"color: #ffffff;\">Users who provide data in any of the available forms: The personal data that NOLAN GROUP PROPERTY SERVICES, S.L. requests includes the name and email address and those provided by the user when filling out the forms.<\/span><\/li>\n<li><span style=\"color: #ffffff;\">Users who have not contacted NOLAN GROUP PROPERTY SERVICES, S.L. but whose data is collected: Data provided by cookies<\/span><\/li>\n<\/ul>\n<p>&nbsp;<\/p>\n<p><span style=\"color: #ffffff;\"><strong>3.1<\/strong> <strong>Rules and prohibitions of use for users of our services<\/strong><\/span><\/p>\n<p><span style=\"color: #ffffff;\">The User expressly agrees to make appropriate use of the content and services offered and not to use them for:<\/span><\/p>\n<ul>\n<li><span style=\"color: #ffffff;\">Disseminate criminal, violent, pornographic, racist, xenophobic, offensive, terrorist apology or, in general, contrary to law or public order.<\/span><\/li>\n<li><span style=\"color: #ffffff;\">Introduce into the network computer viruses or perform actions likely to alter, damage, interrupt or generate errors or damage to electronic documents, data or physical and logical systems of NOLAN GROUP PROPERTY SERVICES, S.L. or third parties; as well as hinder the access of other users to the Web site and its services.<\/span><\/li>\n<li><span style=\"color: #ffffff;\">Attempt to access restricted areas of the computer systems of NOLAN GROUP PROPERTY SERVICES, S.L. or third parties and, where appropriate, extract information.<\/span><\/li>\n<li><span style=\"color: #ffffff;\">Violate the rights of intellectual or industrial property, as well as violate the confidentiality of the information of NOLAN GROUP PROPERTY SERVICES, S.L. or third parties.<\/span><\/li>\n<li><span style=\"color: #ffffff;\">Impersonate the identity of another User, a public administration or a third party.<\/span><\/li>\n<li><span style=\"color: #ffffff;\">Reproduce, copy, distribute, make available or in any other way publicly communicate, transform or modify the Contents, unless authorized by the owner of the corresponding rights or it is legally permitted.<\/span><\/li>\n<li><span style=\"color: #ffffff;\">Collect data for advertising purposes and to send advertising of any kind and communications for sales or other commercial purposes without prior request or consent.<\/span><\/li>\n<\/ul>\n<p><span style=\"color: #ffffff;\"><strong>3.2. Procedimiento en caso de realizaci\u00f3n de actividades de car\u00e1cter il\u00edcito <\/strong><\/span><\/p>\n<p><span style=\"color: #ffffff;\">In the event that any user or third party considers that there are facts or circumstances that reveal the unlawful nature of the use of any content and\/or the performance of any activity on the Web pages included or accessible through the Web site, you must send a notification to NOLAN GROUP PROPERTY SERVICES, S.L. duly identifying yourself, specifying the alleged infringements and expressly declaring under your responsibility that the information provided in the notification is accurate.<\/span><\/p>\n<p><span style=\"color: #ffffff;\"><strong>Privacy Policy<\/strong><\/span><\/p>\n<p><span style=\"color: #ffffff;\">The user can consult how NOLAN GROUP PROPERTY SERVICES, S.L. uses his data and the security measures implemented in the link: &#8220;Privacy Policy&#8221;.<\/span><\/p>\n<p>&nbsp;<\/p>\n<p><span style=\"color: #ffffff;\"><strong>Cookie Policy<\/strong><\/span><\/p>\n<p><span style=\"color: #ffffff;\">NOLAN GROUP PROPERTY SERVICES, S.L. installs cookies on the user&#8217;s computer. To learn more about cookies on our website go to the following link: &#8220;cookies policy&#8221;. <\/span><\/p>\n<p>&nbsp;<\/p>\n<p><span style=\"color: #ffffff;\"><strong>Notifications<\/strong><\/span><\/p>\n<p><span style=\"color: #ffffff;\">All notifications and communications between users and NOLAN GROUP PROPERTY SERVICES, S.L. will be considered effective, for all purposes, when they are made via postal mail or e-mail or telephone communication. Users should contact NOLAN GROUP PROPERTY SERVICES, S.L. by: <\/span><\/p>\n<ul>\n<li><span style=\"color: #ffffff;\">Mailing by post to the following address: NOLAN GROUP PROPERTY SERVICES, S.L. &#8211; Calle Jardin Botanico, 43, 38670 &#8211; Adeje (Santa Cruz de Tenerife).<\/span><\/li>\n<li><span style=\"color: #ffffff;\">E-mail to the following address: michael@nolan-group.es<\/span><\/li>\n<\/ul>\n<p><span style=\"color: #ffffff;\"><strong>Industrial property and intellectual property<\/strong><\/span><\/p>\n<p><span style=\"color: #ffffff;\">All contents of the Web site, such as text, photographs, graphics, images, icons, technology, software, as well as graphic design and source codes, constitute a work whose property belongs to NOLAN GROUP PROPERTY SERVICES, S.L., without any rights to exploit them beyond what is strictly necessary for the correct use of the Web. S.L., and none of the exploitation rights over the same may be understood to have been transferred to the User beyond what is strictly necessary for the correct use of the Web.<\/span><\/p>\n<p><span style=\"color: #ffffff;\">In short, users accessing this Web site may view the contents and make, where appropriate, authorized private copies provided that the elements reproduced are not subsequently transferred to third parties, nor are they installed on servers connected to networks, nor are they subject to any type of exploitation and only and exclusively while the service is in force.<\/span><\/p>\n<p><span style=\"color: #ffffff;\">Also, all trademarks, trade names or logos of any kind that appear on the Web site are owned by NOLAN GROUP PROPERTY SERVICES, S.L., without being understood that the use or access to it gives the user any right over them. without it being understood that the use or access to it gives the user any right over them.<\/span><\/p>\n<p><span style=\"color: #ffffff;\">The distribution, modification, transfer or public communication of the contents and any other act that has not been expressly authorized by NOLAN GROUP PROPERTY SERVICES, S.L. are prohibited. In case of non-compliance NOLAN GROUP PROPERTY SERVICES, S.L. will proceed to take appropriate legal action.<\/span><\/p>\n<p>&nbsp;<\/p>\n<p><span style=\"color: #ffffff;\"><strong>Disclaimer of liability and modification of this legal notice<\/strong><\/span><\/p>\n<p><span style=\"color: #ffffff;\">The nolansgroup.com website uses information security techniques such as firewalls, access control procedures and cryptographic mechanisms, all with the aim of preventing unauthorized access to data and ensuring the confidentiality of the same.<\/span><\/p>\n<p><span style=\"color: #ffffff;\">The information disseminated on this website is for information purposes only, and NOLAN GROUP PROPERTY SERVICES, S.L. reserves the right to remove or suspend its dissemination, in whole or in part, and to modify the structure and content of this website without prior notice, and may even limit or deny access to such information. NOLAN GROUP PROPERTY SERVICES, S.L. tries to maintain the quality and updating of this information and to avoid and minimize possible errors, but NOLAN GROUP PROPERTY SERVICES, S.L. will not be liable for damages caused by decisions taken based on the information disseminated, nor for inaccuracies, omissions or errors contained therein, nor for problems arising from the use of this Web site or other external connection, nor for damage and \/ or damage to the user&#8217;s software or hardware arising from access to this Web site. <\/span><\/p>\n<p><span style=\"color: #ffffff;\">Users expressly agree that NOLAN GROUP PROPERTY SERVICES, S.L. shall not be liable for unauthorized access to or alteration of their transmissions or data, for any material or data sent or received or not sent or received, or for any transactions made through its web site.<\/span><\/p>\n<p><span style=\"color: #ffffff;\">NOLAN GROUP PROPERTY SERVICES, S.L. reserves the right to modify this legal notice unilaterally and without notice in the terms and conditions it deems appropriate with the sole obligation to inform the user of the changes made through <a style=\"color: #ffffff;\" href=\"http:\/\/www.aixacorpore.es\/\">www.nolansgroup.com<\/a>.<\/span><\/p>\n<p><span style=\"color: #ffffff;\"><strong>Partial nullity<\/strong><\/span><\/p>\n<p><span style=\"color: #ffffff;\">If any of these clauses is declared null and void by a final decision issued by a competent authority, the remaining terms and conditions shall remain in force, without being affected by such declaration of nullity.<\/span><\/p>\n<p>&nbsp;<\/p>\n<p><span style=\"color: #ffffff;\"><strong>Applicable law and competent courts<\/strong><\/span><\/p>\n<p><span style=\"color: #ffffff;\">This website is subject to the provisions of Spanish legislation and applicable European regulations.<\/span><\/p>\n<p><span style=\"color: #ffffff;\">Any dispute arising out of or in connection with the use of the website or such products shall be submitted to the non-exclusive jurisdiction of the Spanish courts and tribunals of the province of Santa Cruz de Tenerife.<\/span><\/p>\n<p><span style=\"color: #ffffff;\">If you are an end consumer, nothing in this clause shall affect your rights as such under current legislation, and you may choose to file a claim to enforce your rights in relation to these Conditions before the Court or Courts corresponding to your domicile.<\/span><\/p>\n<p><span style=\"color: #ffffff;\"><strong> <\/strong><\/span><\/p>\n<p><span style=\"color: #ffffff;\"><strong>Date: February 10, 2022<\/strong><\/span><\/p>\n<p><span style=\"color: #ffffff;\"><strong>Version: V.1.0<\/strong><\/span><\/p>\n<\/div><\/div><\/div><\/div><\/div><\/div><\/section><!-- Row Backgrounds --><div class=\"upb_color\" data-bg-override=\"0\" data-bg-color=\"#151515\" data-fadeout=\"\" data-fadeout-percentage=\"30\" data-parallax-content=\"\" data-parallax-content-sense=\"30\" data-row-effect-mobile-disable=\"true\" data-img-parallax-mobile-disable=\"true\" data-rtl=\"false\"  data-custom-vc-row=\"\"  data-vc=\"6.13.0\"  data-is_old_vc=\"\"  data-theme-support=\"\"   data-overlay=\"false\" data-overlay-color=\"\" data-overlay-pattern=\"\" data-overlay-pattern-opacity=\"\" data-overlay-pattern-size=\"\"    ><\/div>\n<\/section>","protected":false},"excerpt":{"rendered":"Legal NoticePurpose and acceptance This legal notice regulates the use of the website: www.nolansgroup.com The website www.nolansgroup.com provides services whose primary purpose is to allow contact between users and the entity, either to contact us or request more information. Browsing the page www.nolansgroup.com attributes the condition of user of the same and implies full and...","protected":false},"author":2,"featured_media":0,"parent":0,"menu_order":0,"comment_status":"closed","ping_status":"closed","template":"","meta":{"_joinchat":[],"footnotes":""},"class_list":["post-3659","page","type-page","status-publish","hentry"],"yoast_head":"<!-- This site is optimized with the Yoast SEO Premium plugin v22.4 (Yoast SEO v23.2) - https:\/\/yoast.com\/wordpress\/plugins\/seo\/ -->\n<title>Draft Legal Notice - Nolan Group<\/title>\n<meta name=\"robots\" content=\"index, follow, max-snippet:-1, max-image-preview:large, max-video-preview:-1\" \/>\n<link rel=\"canonical\" href=\"https:\/\/nolansgroup.com\/draft-legal-notice\/\" \/>\n<meta property=\"og:locale\" content=\"en_US\" \/>\n<meta property=\"og:type\" content=\"article\" \/>\n<meta property=\"og:title\" content=\"Draft Legal Notice\" \/>\n<meta property=\"og:url\" content=\"https:\/\/nolansgroup.com\/draft-legal-notice\/\" \/>\n<meta property=\"og:site_name\" content=\"Nolan Group\" \/>\n<meta name=\"twitter:card\" content=\"summary_large_image\" \/>\n<meta name=\"twitter:label1\" content=\"Est. reading time\" \/>\n\t<meta name=\"twitter:data1\" content=\"8 minutes\" \/>\n<script type=\"application\/ld+json\" class=\"yoast-schema-graph\">{\"@context\":\"https:\/\/schema.org\",\"@graph\":[{\"@type\":\"WebPage\",\"@id\":\"https:\/\/nolansgroup.com\/draft-legal-notice\/\",\"url\":\"https:\/\/nolansgroup.com\/draft-legal-notice\/\",\"name\":\"Draft Legal Notice - Nolan Group\",\"isPartOf\":{\"@id\":\"https:\/\/nolansgroup.com\/#website\"},\"datePublished\":\"2024-12-10T13:09:41+00:00\",\"dateModified\":\"2024-12-10T13:09:41+00:00\",\"breadcrumb\":{\"@id\":\"https:\/\/nolansgroup.com\/draft-legal-notice\/#breadcrumb\"},\"inLanguage\":\"en-US\",\"potentialAction\":[{\"@type\":\"ReadAction\",\"target\":[\"https:\/\/nolansgroup.com\/draft-legal-notice\/\"]}]},{\"@type\":\"BreadcrumbList\",\"@id\":\"https:\/\/nolansgroup.com\/draft-legal-notice\/#breadcrumb\",\"itemListElement\":[{\"@type\":\"ListItem\",\"position\":1,\"name\":\"Portada\",\"item\":\"https:\/\/nolansgroup.com\/en\/nolan-group-2-draft\/\"},{\"@type\":\"ListItem\",\"position\":2,\"name\":\"Draft Legal Notice\"}]},{\"@type\":\"WebSite\",\"@id\":\"https:\/\/nolansgroup.com\/#website\",\"url\":\"https:\/\/nolansgroup.com\/\",\"name\":\"Nolan Group\",\"description\":\"Alquiler Vacacional Villas de Lujo en Tenerife\",\"publisher\":{\"@id\":\"https:\/\/nolansgroup.com\/#organization\"},\"potentialAction\":[{\"@type\":\"SearchAction\",\"target\":{\"@type\":\"EntryPoint\",\"urlTemplate\":\"https:\/\/nolansgroup.com\/?s={search_term_string}\"},\"query-input\":\"required name=search_term_string\"}],\"inLanguage\":\"en-US\"},{\"@type\":[\"Organization\",\"Place\",\"RealEstateAgent\"],\"@id\":\"https:\/\/nolansgroup.com\/#organization\",\"name\":\"Nolan Group\",\"url\":\"https:\/\/nolansgroup.com\/\",\"logo\":{\"@id\":\"https:\/\/nolansgroup.com\/draft-legal-notice\/#local-main-organization-logo\"},\"image\":{\"@id\":\"https:\/\/nolansgroup.com\/draft-legal-notice\/#local-main-organization-logo\"},\"address\":{\"@id\":\"https:\/\/nolansgroup.com\/draft-legal-notice\/#local-main-place-address\"},\"geo\":{\"@type\":\"GeoCoordinates\",\"latitude\":\"28.0922781\",\"longitude\":\"-16.7344092\"},\"telephone\":[\"+34 744 66 81 19\"],\"contactPoint\":{\"@type\":\"ContactPoint\",\"telephone\":\"+34 744 66 81 19\",\"email\":\"reservas@nolan-group.es\"},\"openingHoursSpecification\":[{\"@type\":\"OpeningHoursSpecification\",\"dayOfWeek\":[\"Monday\",\"Tuesday\",\"Wednesday\",\"Thursday\",\"Friday\",\"Saturday\",\"Sunday\"],\"opens\":\"09:00\",\"closes\":\"17:00\"}],\"email\":\"reservas@nolan-group.es\",\"areaServed\":\"Tenerife\"},{\"@type\":\"PostalAddress\",\"@id\":\"https:\/\/nolansgroup.com\/draft-legal-notice\/#local-main-place-address\",\"streetAddress\":\"Avda. Mosc\u00fa 29, CC Aquamall, Local 5B, Costa Adeje, 38660, Tenerife\",\"addressLocality\":\"Tenerife\",\"postalCode\":\"38660\",\"addressCountry\":\"ES\"},{\"@type\":\"ImageObject\",\"inLanguage\":\"en-US\",\"@id\":\"https:\/\/nolansgroup.com\/draft-legal-notice\/#local-main-organization-logo\",\"url\":\"https:\/\/nolansgroup.com\/wp-content\/uploads\/2023\/09\/logo_nolan.png\",\"contentUrl\":\"https:\/\/nolansgroup.com\/wp-content\/uploads\/2023\/09\/logo_nolan.png\",\"width\":500,\"height\":772,\"caption\":\"Nolan Group\"}]}<\/script>\n<meta name=\"geo.placename\" content=\"Tenerife\" \/>\n<meta name=\"geo.position\" content=\"28.0922781;-16.7344092\" \/>\n<meta name=\"geo.region\" content=\"Spain\" \/>\n<!-- \/ Yoast SEO Premium plugin. -->","yoast_head_json":{"title":"Draft Legal Notice - Nolan Group","robots":{"index":"index","follow":"follow","max-snippet":"max-snippet:-1","max-image-preview":"max-image-preview:large","max-video-preview":"max-video-preview:-1"},"canonical":"https:\/\/nolansgroup.com\/draft-legal-notice\/","og_locale":"en_US","og_type":"article","og_title":"Draft Legal Notice","og_url":"https:\/\/nolansgroup.com\/draft-legal-notice\/","og_site_name":"Nolan Group","twitter_card":"summary_large_image","twitter_misc":{"Est. reading time":"8 minutes"},"schema":{"@context":"https:\/\/schema.org","@graph":[{"@type":"WebPage","@id":"https:\/\/nolansgroup.com\/draft-legal-notice\/","url":"https:\/\/nolansgroup.com\/draft-legal-notice\/","name":"Draft Legal Notice - Nolan Group","isPartOf":{"@id":"https:\/\/nolansgroup.com\/#website"},"datePublished":"2024-12-10T13:09:41+00:00","dateModified":"2024-12-10T13:09:41+00:00","breadcrumb":{"@id":"https:\/\/nolansgroup.com\/draft-legal-notice\/#breadcrumb"},"inLanguage":"en-US","potentialAction":[{"@type":"ReadAction","target":["https:\/\/nolansgroup.com\/draft-legal-notice\/"]}]},{"@type":"BreadcrumbList","@id":"https:\/\/nolansgroup.com\/draft-legal-notice\/#breadcrumb","itemListElement":[{"@type":"ListItem","position":1,"name":"Portada","item":"https:\/\/nolansgroup.com\/en\/nolan-group-2-draft\/"},{"@type":"ListItem","position":2,"name":"Draft Legal Notice"}]},{"@type":"WebSite","@id":"https:\/\/nolansgroup.com\/#website","url":"https:\/\/nolansgroup.com\/","name":"Nolan Group","description":"Alquiler Vacacional Villas de Lujo en Tenerife","publisher":{"@id":"https:\/\/nolansgroup.com\/#organization"},"potentialAction":[{"@type":"SearchAction","target":{"@type":"EntryPoint","urlTemplate":"https:\/\/nolansgroup.com\/?s={search_term_string}"},"query-input":"required name=search_term_string"}],"inLanguage":"en-US"},{"@type":["Organization","Place","RealEstateAgent"],"@id":"https:\/\/nolansgroup.com\/#organization","name":"Nolan Group","url":"https:\/\/nolansgroup.com\/","logo":{"@id":"https:\/\/nolansgroup.com\/draft-legal-notice\/#local-main-organization-logo"},"image":{"@id":"https:\/\/nolansgroup.com\/draft-legal-notice\/#local-main-organization-logo"},"address":{"@id":"https:\/\/nolansgroup.com\/draft-legal-notice\/#local-main-place-address"},"geo":{"@type":"GeoCoordinates","latitude":"28.0922781","longitude":"-16.7344092"},"telephone":["+34 744 66 81 19"],"contactPoint":{"@type":"ContactPoint","telephone":"+34 744 66 81 19","email":"reservas@nolan-group.es"},"openingHoursSpecification":[{"@type":"OpeningHoursSpecification","dayOfWeek":["Monday","Tuesday","Wednesday","Thursday","Friday","Saturday","Sunday"],"opens":"09:00","closes":"17:00"}],"email":"reservas@nolan-group.es","areaServed":"Tenerife"},{"@type":"PostalAddress","@id":"https:\/\/nolansgroup.com\/draft-legal-notice\/#local-main-place-address","streetAddress":"Avda. Mosc\u00fa 29, CC Aquamall, Local 5B, Costa Adeje, 38660, Tenerife","addressLocality":"Tenerife","postalCode":"38660","addressCountry":"ES"},{"@type":"ImageObject","inLanguage":"en-US","@id":"https:\/\/nolansgroup.com\/draft-legal-notice\/#local-main-organization-logo","url":"https:\/\/nolansgroup.com\/wp-content\/uploads\/2023\/09\/logo_nolan.png","contentUrl":"https:\/\/nolansgroup.com\/wp-content\/uploads\/2023\/09\/logo_nolan.png","width":500,"height":772,"caption":"Nolan Group"}]},"geo.placename":"Tenerife","geo.position":{"lat":"28.0922781","long":"-16.7344092"},"geo.region":"Spain"},"_links":{"self":[{"href":"https:\/\/nolansgroup.com\/en\/wp-json\/wp\/v2\/pages\/3659","targetHints":{"allow":["GET"]}}],"collection":[{"href":"https:\/\/nolansgroup.com\/en\/wp-json\/wp\/v2\/pages"}],"about":[{"href":"https:\/\/nolansgroup.com\/en\/wp-json\/wp\/v2\/types\/page"}],"author":[{"embeddable":true,"href":"https:\/\/nolansgroup.com\/en\/wp-json\/wp\/v2\/users\/2"}],"replies":[{"embeddable":true,"href":"https:\/\/nolansgroup.com\/en\/wp-json\/wp\/v2\/comments?post=3659"}],"version-history":[{"count":0,"href":"https:\/\/nolansgroup.com\/en\/wp-json\/wp\/v2\/pages\/3659\/revisions"}],"wp:attachment":[{"href":"https:\/\/nolansgroup.com\/en\/wp-json\/wp\/v2\/media?parent=3659"}],"curies":[{"name":"wp","href":"https:\/\/api.w.org\/{rel}","templated":true}]}}